{"id":16975,"date":"2022-11-14T06:03:21","date_gmt":"2022-11-14T11:03:21","guid":{"rendered":"https:\/\/www.orioncan.com\/?page_id=16975"},"modified":"2022-11-16T04:19:47","modified_gmt":"2022-11-16T09:19:47","slug":"does-not-meet","status":"publish","type":"page","link":"https:\/\/www.orioncan.com\/fr\/tqa\/does-not-meet\/","title":{"rendered":"Ne r\u00e9pond pas"},"content":{"rendered":"\t\t<div data-elementor-type=\"wp-page\" data-elementor-id=\"16975\" class=\"elementor elementor-16975 elementor-14042\" data-elementor-post-type=\"page\">\n\t\t\t\t\t\t<section class=\"elementor-section elementor-top-section elementor-element elementor-element-7184c67 elementor-section-height-min-height elementor-section-content-middle elementor-section-boxed elementor-section-height-default elementor-section-items-middle\" data-id=\"7184c67\" data-element_type=\"section\" data-e-type=\"section\" data-settings=\"{&quot;background_background&quot;:&quot;classic&quot;,&quot;background_motion_fx_motion_fx_scrolling&quot;:&quot;yes&quot;,&quot;background_motion_fx_translateY_effect&quot;:&quot;yes&quot;,&quot;background_motion_fx_translateY_speed&quot;:{&quot;unit&quot;:&quot;px&quot;,&quot;size&quot;:5,&quot;sizes&quot;:[]},&quot;background_motion_fx_scale_effect&quot;:&quot;yes&quot;,&quot;background_motion_fx_scale_speed&quot;:{&quot;unit&quot;:&quot;px&quot;,&quot;size&quot;:5,&quot;sizes&quot;:[]},&quot;background_motion_fx_translateY_affectedRange&quot;:{&quot;unit&quot;:&quot;%&quot;,&quot;size&quot;:&quot;&quot;,&quot;sizes&quot;:{&quot;start&quot;:0,&quot;end&quot;:100}},&quot;background_motion_fx_scale_direction&quot;:&quot;out-in&quot;,&quot;background_motion_fx_scale_range&quot;:{&quot;unit&quot;:&quot;%&quot;,&quot;size&quot;:&quot;&quot;,&quot;sizes&quot;:{&quot;start&quot;:20,&quot;end&quot;:80}},&quot;background_motion_fx_devices&quot;:[&quot;desktop&quot;,&quot;tablet&quot;,&quot;mobile&quot;]}\">\n\t\t\t\t\t\t\t<div class=\"elementor-background-overlay\"><\/div>\n\t\t\t\t\t\t\t<div class=\"elementor-container elementor-column-gap-default\">\n\t\t\t\t\t<div class=\"elementor-column elementor-col-100 elementor-top-column elementor-element elementor-element-5f5e921\" data-id=\"5f5e921\" data-element_type=\"column\" data-e-type=\"column\">\n\t\t\t<div class=\"elementor-widget-wrap elementor-element-populated\">\n\t\t\t\t\t\t<div class=\"elementor-element elementor-element-3488921 elementor-widget elementor-widget-heading\" data-id=\"3488921\" data-element_type=\"widget\" data-e-type=\"widget\" data-widget_type=\"heading.default\">\n\t\t\t\t<div class=\"elementor-widget-container\">\n\t\t\t\t\t<h1 class=\"elementor-heading-title elementor-size-default\"><strong>Langues Canada<\/strong><br>\nLes conditions <u>ne semblent pas<\/u> avoir \u00e9t\u00e9 remplies.<\/h1>\t\t\t\t<\/div>\n\t\t\t\t<\/div>\n\t\t\t\t\t<\/div>\n\t\t<\/div>\n\t\t\t\t\t<\/div>\n\t\t<\/section>\n\t\t\t\t<section class=\"elementor-section elementor-top-section elementor-element elementor-element-3ad197a elementor-section-boxed elementor-section-height-default elementor-section-height-default\" data-id=\"3ad197a\" data-element_type=\"section\" data-e-type=\"section\">\n\t\t\t\t\t\t<div class=\"elementor-container elementor-column-gap-default\">\n\t\t\t\t\t<div class=\"elementor-column elementor-col-100 elementor-top-column elementor-element elementor-element-0057d07\" data-id=\"0057d07\" data-element_type=\"column\" data-e-type=\"column\">\n\t\t\t<div class=\"elementor-widget-wrap elementor-element-populated\">\n\t\t\t\t\t\t<div class=\"elementor-element elementor-element-b15fea9 a-tag-css elementor-widget elementor-widget-text-editor\" data-id=\"b15fea9\" data-element_type=\"widget\" data-e-type=\"widget\" data-widget_type=\"text-editor.default\">\n\t\t\t\t<div class=\"elementor-widget-container\">\n\t\t\t\t\t\t\t\t\t<p>Selon les informations que vous avez fournies, le candidat <span style=\"text-decoration: underline;\"><strong>ne se qualifie pas<\/strong><\/span> pour enseigner selon les exigences \u00e9tablies par Langues Canada. Veuillez vous r\u00e9f\u00e9rer au <strong><a class=\"ql-link\" href=\"https:\/\/www.orioncan.com\/wp-content\/uploads\/2022\/10\/LCS110-Languages-Canada-Quality-Assurance-Standard-Approved-March-2022.pdf\" target=\"_blank\" rel=\"noreferrer noopener\">Norme de qualit\u00e9 de Langues Canada<\/a>\u00a0<\/strong>et passez en revue les exigences.<\/p>\t\t\t\t\t\t\t\t<\/div>\n\t\t\t\t<\/div>\n\t\t\t\t\t<\/div>\n\t\t<\/div>\n\t\t\t\t\t<\/div>\n\t\t<\/section>\n\t\t\t\t<section class=\"elementor-section elementor-top-section elementor-element elementor-element-bbdf85d elementor-section-boxed elementor-section-height-default elementor-section-height-default\" data-id=\"bbdf85d\" data-element_type=\"section\" data-e-type=\"section\">\n\t\t\t\t\t\t<div class=\"elementor-container elementor-column-gap-default\">\n\t\t\t\t\t<div class=\"elementor-column elementor-col-100 elementor-top-column elementor-element elementor-element-6100bc9\" data-id=\"6100bc9\" data-element_type=\"column\" data-e-type=\"column\">\n\t\t\t<div class=\"elementor-widget-wrap elementor-element-populated\">\n\t\t\t\t\t\t<div class=\"elementor-element elementor-element-e81e6a4 elementor-widget elementor-widget-text-editor\" data-id=\"e81e6a4\" data-element_type=\"widget\" data-e-type=\"widget\" data-widget_type=\"text-editor.default\">\n\t\t\t\t<div class=\"elementor-widget-container\">\n\t\t\t\t\t\t\t\t\t<p>Un courriel vous a \u00e9t\u00e9 envoy\u00e9 pour vos dossiers, r\u00e9sumant le formulaire d&#8217;\u00e9valuation que vous venez de remplir.<\/p>\t\t\t\t\t\t\t\t<\/div>\n\t\t\t\t<\/div>\n\t\t\t\t<div class=\"elementor-element elementor-element-7869b01 elementor-align-center elementor-widget elementor-widget-button\" data-id=\"7869b01\" data-element_type=\"widget\" data-e-type=\"widget\" data-widget_type=\"button.default\">\n\t\t\t\t<div class=\"elementor-widget-container\">\n\t\t\t\t\t\t\t\t\t<div class=\"elementor-button-wrapper\">\n\t\t\t\t\t<a class=\"elementor-button elementor-button-link elementor-size-sm\" href=\"https:\/\/www.orioncan.com\/fr\/tqa\/\">\n\t\t\t\t\t\t<span class=\"elementor-button-content-wrapper\">\n\t\t\t\t\t\t\t\t\t<span class=\"elementor-button-text\">\u00c9xecutez une autre \u00e9valuation<\/span>\n\t\t\t\t\t<\/span>\n\t\t\t\t\t<\/a>\n\t\t\t\t<\/div>\n\t\t\t\t\t\t\t\t<\/div>\n\t\t\t\t<\/div>\n\t\t\t\t\t<\/div>\n\t\t<\/div>\n\t\t\t\t\t<\/div>\n\t\t<\/section>\n\t\t\t\t<\/div>\n\t\t","protected":false},"excerpt":{"rendered":"<p>Langues Canada Les conditions ne semblent pas avoir \u00e9t\u00e9 remplies. Selon les informations que vous avez fournies, le candidat ne se qualifie pas pour enseigner selon les exigences \u00e9tablies par Langues Canada. Veuillez vous r\u00e9f\u00e9rer au Norme de qualit\u00e9 de Langues Canada\u00a0et passez en revue les exigences. Un courriel vous a \u00e9t\u00e9 envoy\u00e9 pour vos [&hellip;]<\/p>\n","protected":false},"author":1,"featured_media":0,"parent":16894,"menu_order":0,"comment_status":"closed","ping_status":"closed","template":"elementor_header_footer","meta":{"inline_featured_image":false,"footnotes":""},"class_list":["post-16975","page","type-page","status-publish","hentry"],"yoast_head":"<!-- This site is optimized with the Yoast SEO plugin v27.1.1 - https:\/\/yoast.com\/product\/yoast-seo-wordpress\/ -->\n<title>Ne r\u00e9pond pas - Orion Assessment Services<\/title>\n<meta name=\"robots\" content=\"noindex, follow\" \/>\n<meta property=\"og:locale\" content=\"fr_FR\" \/>\n<meta property=\"og:type\" content=\"article\" \/>\n<meta property=\"og:title\" content=\"Ne r\u00e9pond pas - Orion Assessment Services\" \/>\n<meta property=\"og:description\" content=\"Langues Canada Les conditions ne semblent pas avoir \u00e9t\u00e9 remplies. Selon les informations que vous avez fournies, le candidat ne se qualifie pas pour enseigner selon les exigences \u00e9tablies par Langues Canada. Veuillez vous r\u00e9f\u00e9rer au Norme de qualit\u00e9 de Langues Canada\u00a0et passez en revue les exigences. Un courriel vous a \u00e9t\u00e9 envoy\u00e9 pour vos [&hellip;]\" \/>\n<meta property=\"og:url\" content=\"https:\/\/www.orioncan.com\/fr\/tqa\/does-not-meet\/\" \/>\n<meta property=\"og:site_name\" content=\"Orion Assessment Services\" \/>\n<meta property=\"article:modified_time\" content=\"2022-11-16T09:19:47+00:00\" \/>\n<meta name=\"twitter:card\" content=\"summary_large_image\" \/>\n<meta name=\"twitter:label1\" content=\"Dur\u00e9e de lecture estim\u00e9e\" \/>\n\t<meta name=\"twitter:data1\" content=\"1 minute\" \/>\n<script type=\"application\/ld+json\" class=\"yoast-schema-graph\">{\"@context\":\"https:\/\/schema.org\",\"@graph\":[{\"@type\":\"WebPage\",\"@id\":\"https:\/\/www.orioncan.com\/fr\/tqa\/does-not-meet\/\",\"url\":\"https:\/\/www.orioncan.com\/fr\/tqa\/does-not-meet\/\",\"name\":\"Ne r\u00e9pond pas - Orion Assessment Services\",\"isPartOf\":{\"@id\":\"https:\/\/www.orioncan.com\/fr\/#website\"},\"datePublished\":\"2022-11-14T11:03:21+00:00\",\"dateModified\":\"2022-11-16T09:19:47+00:00\",\"breadcrumb\":{\"@id\":\"https:\/\/www.orioncan.com\/fr\/tqa\/does-not-meet\/#breadcrumb\"},\"inLanguage\":\"fr-FR\",\"potentialAction\":[{\"@type\":\"ReadAction\",\"target\":[\"https:\/\/www.orioncan.com\/fr\/tqa\/does-not-meet\/\"]}]},{\"@type\":\"BreadcrumbList\",\"@id\":\"https:\/\/www.orioncan.com\/fr\/tqa\/does-not-meet\/#breadcrumb\",\"itemListElement\":[{\"@type\":\"ListItem\",\"position\":1,\"name\":\"Home\",\"item\":\"https:\/\/www.orioncan.com\/fr\/\"},{\"@type\":\"ListItem\",\"position\":2,\"name\":\"\u00c9valuation des qualifications des enseignants\",\"item\":\"https:\/\/www.orioncan.com\/fr\/tqa\/\"},{\"@type\":\"ListItem\",\"position\":3,\"name\":\"Ne r\u00e9pond pas\"}]},{\"@type\":\"WebSite\",\"@id\":\"https:\/\/www.orioncan.com\/fr\/#website\",\"url\":\"https:\/\/www.orioncan.com\/fr\/\",\"name\":\"Orion Assessment Services\",\"description\":\"\",\"potentialAction\":[{\"@type\":\"SearchAction\",\"target\":{\"@type\":\"EntryPoint\",\"urlTemplate\":\"https:\/\/www.orioncan.com\/fr\/?s={search_term_string}\"},\"query-input\":{\"@type\":\"PropertyValueSpecification\",\"valueRequired\":true,\"valueName\":\"search_term_string\"}}],\"inLanguage\":\"fr-FR\"}]}<\/script>\n<!-- \/ Yoast SEO plugin. -->","yoast_head_json":{"title":"Ne r\u00e9pond pas - Orion Assessment Services","robots":{"index":"noindex","follow":"follow"},"og_locale":"fr_FR","og_type":"article","og_title":"Ne r\u00e9pond pas - Orion Assessment Services","og_description":"Langues Canada Les conditions ne semblent pas avoir \u00e9t\u00e9 remplies. Selon les informations que vous avez fournies, le candidat ne se qualifie pas pour enseigner selon les exigences \u00e9tablies par Langues Canada. Veuillez vous r\u00e9f\u00e9rer au Norme de qualit\u00e9 de Langues Canada\u00a0et passez en revue les exigences. Un courriel vous a \u00e9t\u00e9 envoy\u00e9 pour vos [&hellip;]","og_url":"https:\/\/www.orioncan.com\/fr\/tqa\/does-not-meet\/","og_site_name":"Orion Assessment Services","article_modified_time":"2022-11-16T09:19:47+00:00","twitter_card":"summary_large_image","twitter_misc":{"Dur\u00e9e de lecture estim\u00e9e":"1 minute"},"schema":{"@context":"https:\/\/schema.org","@graph":[{"@type":"WebPage","@id":"https:\/\/www.orioncan.com\/fr\/tqa\/does-not-meet\/","url":"https:\/\/www.orioncan.com\/fr\/tqa\/does-not-meet\/","name":"Ne r\u00e9pond pas - Orion Assessment Services","isPartOf":{"@id":"https:\/\/www.orioncan.com\/fr\/#website"},"datePublished":"2022-11-14T11:03:21+00:00","dateModified":"2022-11-16T09:19:47+00:00","breadcrumb":{"@id":"https:\/\/www.orioncan.com\/fr\/tqa\/does-not-meet\/#breadcrumb"},"inLanguage":"fr-FR","potentialAction":[{"@type":"ReadAction","target":["https:\/\/www.orioncan.com\/fr\/tqa\/does-not-meet\/"]}]},{"@type":"BreadcrumbList","@id":"https:\/\/www.orioncan.com\/fr\/tqa\/does-not-meet\/#breadcrumb","itemListElement":[{"@type":"ListItem","position":1,"name":"Home","item":"https:\/\/www.orioncan.com\/fr\/"},{"@type":"ListItem","position":2,"name":"\u00c9valuation des qualifications des enseignants","item":"https:\/\/www.orioncan.com\/fr\/tqa\/"},{"@type":"ListItem","position":3,"name":"Ne r\u00e9pond pas"}]},{"@type":"WebSite","@id":"https:\/\/www.orioncan.com\/fr\/#website","url":"https:\/\/www.orioncan.com\/fr\/","name":"Orion Assessment Services","description":"","potentialAction":[{"@type":"SearchAction","target":{"@type":"EntryPoint","urlTemplate":"https:\/\/www.orioncan.com\/fr\/?s={search_term_string}"},"query-input":{"@type":"PropertyValueSpecification","valueRequired":true,"valueName":"search_term_string"}}],"inLanguage":"fr-FR"}]}},"_links":{"self":[{"href":"https:\/\/www.orioncan.com\/fr\/wp-json\/wp\/v2\/pages\/16975","targetHints":{"allow":["GET"]}}],"collection":[{"href":"https:\/\/www.orioncan.com\/fr\/wp-json\/wp\/v2\/pages"}],"about":[{"href":"https:\/\/www.orioncan.com\/fr\/wp-json\/wp\/v2\/types\/page"}],"author":[{"embeddable":true,"href":"https:\/\/www.orioncan.com\/fr\/wp-json\/wp\/v2\/users\/1"}],"replies":[{"embeddable":true,"href":"https:\/\/www.orioncan.com\/fr\/wp-json\/wp\/v2\/comments?post=16975"}],"version-history":[{"count":0,"href":"https:\/\/www.orioncan.com\/fr\/wp-json\/wp\/v2\/pages\/16975\/revisions"}],"up":[{"embeddable":true,"href":"https:\/\/www.orioncan.com\/fr\/wp-json\/wp\/v2\/pages\/16894"}],"wp:attachment":[{"href":"https:\/\/www.orioncan.com\/fr\/wp-json\/wp\/v2\/media?parent=16975"}],"curies":[{"name":"wp","href":"https:\/\/api.w.org\/{rel}","templated":true}]}}