{"id":16992,"date":"2022-11-14T06:17:12","date_gmt":"2022-11-14T11:17:12","guid":{"rendered":"https:\/\/www.orioncan.com\/?page_id=16992"},"modified":"2022-11-16T02:11:21","modified_gmt":"2022-11-16T07:11:21","slug":"englishadults-doesnotmeet","status":"publish","type":"page","link":"https:\/\/www.orioncan.com\/fr\/tqa\/englishadults-doesnotmeet\/","title":{"rendered":"Ne r\u00e9pond pas &#8211; Adulte anglais"},"content":{"rendered":"\t\t<div data-elementor-type=\"wp-page\" data-elementor-id=\"16992\" class=\"elementor elementor-16992 elementor-13528\" data-elementor-post-type=\"page\">\n\t\t\t\t\t\t<section class=\"elementor-section elementor-top-section elementor-element elementor-element-7184c67 elementor-section-height-min-height elementor-section-content-middle elementor-section-boxed elementor-section-height-default elementor-section-items-middle\" data-id=\"7184c67\" data-element_type=\"section\" data-e-type=\"section\" data-settings=\"{&quot;background_background&quot;:&quot;classic&quot;,&quot;background_motion_fx_motion_fx_scrolling&quot;:&quot;yes&quot;,&quot;background_motion_fx_translateY_effect&quot;:&quot;yes&quot;,&quot;background_motion_fx_translateY_speed&quot;:{&quot;unit&quot;:&quot;px&quot;,&quot;size&quot;:5,&quot;sizes&quot;:[]},&quot;background_motion_fx_scale_effect&quot;:&quot;yes&quot;,&quot;background_motion_fx_scale_speed&quot;:{&quot;unit&quot;:&quot;px&quot;,&quot;size&quot;:5,&quot;sizes&quot;:[]},&quot;background_motion_fx_translateY_affectedRange&quot;:{&quot;unit&quot;:&quot;%&quot;,&quot;size&quot;:&quot;&quot;,&quot;sizes&quot;:{&quot;start&quot;:0,&quot;end&quot;:100}},&quot;background_motion_fx_scale_direction&quot;:&quot;out-in&quot;,&quot;background_motion_fx_scale_range&quot;:{&quot;unit&quot;:&quot;%&quot;,&quot;size&quot;:&quot;&quot;,&quot;sizes&quot;:{&quot;start&quot;:20,&quot;end&quot;:80}},&quot;background_motion_fx_devices&quot;:[&quot;desktop&quot;,&quot;tablet&quot;,&quot;mobile&quot;]}\">\n\t\t\t\t\t\t\t<div class=\"elementor-background-overlay\"><\/div>\n\t\t\t\t\t\t\t<div class=\"elementor-container elementor-column-gap-default\">\n\t\t\t\t\t<div class=\"elementor-column elementor-col-100 elementor-top-column elementor-element elementor-element-5f5e921\" data-id=\"5f5e921\" data-element_type=\"column\" data-e-type=\"column\">\n\t\t\t<div class=\"elementor-widget-wrap elementor-element-populated\">\n\t\t\t\t\t\t<div class=\"elementor-element elementor-element-3488921 elementor-widget elementor-widget-heading\" data-id=\"3488921\" data-element_type=\"widget\" data-e-type=\"widget\" data-widget_type=\"heading.default\">\n\t\t\t\t<div class=\"elementor-widget-container\">\n\t\t\t\t\t<h1 class=\"elementor-heading-title elementor-size-default\"><strong>Langues Canada<\/strong><br>\nLes conditions <u>ne semblent pas<\/u> avoir \u00e9t\u00e9 remplies.<\/h1>\t\t\t\t<\/div>\n\t\t\t\t<\/div>\n\t\t\t\t\t<\/div>\n\t\t<\/div>\n\t\t\t\t\t<\/div>\n\t\t<\/section>\n\t\t\t\t<section class=\"elementor-section elementor-top-section elementor-element elementor-element-3ad197a elementor-section-boxed elementor-section-height-default elementor-section-height-default\" data-id=\"3ad197a\" data-element_type=\"section\" data-e-type=\"section\">\n\t\t\t\t\t\t<div class=\"elementor-container elementor-column-gap-default\">\n\t\t\t\t\t<div class=\"elementor-column elementor-col-100 elementor-top-column elementor-element elementor-element-0057d07\" data-id=\"0057d07\" data-element_type=\"column\" data-e-type=\"column\">\n\t\t\t<div class=\"elementor-widget-wrap elementor-element-populated\">\n\t\t\t\t\t\t<div class=\"elementor-element elementor-element-b15fea9 a-tag-css elementor-widget elementor-widget-text-editor\" data-id=\"b15fea9\" data-element_type=\"widget\" data-e-type=\"widget\" data-widget_type=\"text-editor.default\">\n\t\t\t\t<div class=\"elementor-widget-container\">\n\t\t\t\t\t\t\t\t\t<p>Sur la base des informations que vous avez fournies, le candidat <span style=\"text-decoration: underline;\"><strong>n&#8217;est pas qualifi\u00e9<\/strong><\/span> pour enseigner aux groupes suivants :\u00a0<\/p>\t\t\t\t\t\t\t\t<\/div>\n\t\t\t\t<\/div>\n\t\t\t\t<div class=\"elementor-element elementor-element-fb03fb7 elementor-icon-list--layout-traditional elementor-list-item-link-full_width elementor-widget elementor-widget-icon-list\" data-id=\"fb03fb7\" data-element_type=\"widget\" data-e-type=\"widget\" data-widget_type=\"icon-list.default\">\n\t\t\t\t<div class=\"elementor-widget-container\">\n\t\t\t\t\t\t\t<ul class=\"elementor-icon-list-items\">\n\t\t\t\t\t\t\t<li class=\"elementor-icon-list-item\">\n\t\t\t\t\t\t\t\t\t\t\t<span class=\"elementor-icon-list-icon\">\n\t\t\t\t\t\t\t<svg aria-hidden=\"true\" class=\"e-font-icon-svg e-fas-ban\" viewBox=\"0 0 512 512\" xmlns=\"http:\/\/www.w3.org\/2000\/svg\"><path d=\"M256 8C119.034 8 8 119.033 8 256s111.034 248 248 248 248-111.034 248-248S392.967 8 256 8zm130.108 117.892c65.448 65.448 70 165.481 20.677 235.637L150.47 105.216c70.204-49.356 170.226-44.735 235.638 20.676zM125.892 386.108c-65.448-65.448-70-165.481-20.677-235.637L361.53 406.784c-70.203 49.356-170.226 44.736-235.638-20.676z\"><\/path><\/svg>\t\t\t\t\t\t<\/span>\n\t\t\t\t\t\t\t\t\t\t<span class=\"elementor-icon-list-text\">Adultes anglais<\/span>\n\t\t\t\t\t\t\t\t\t<\/li>\n\t\t\t\t\t\t\t\t<li class=\"elementor-icon-list-item\">\n\t\t\t\t\t\t\t\t\t\t\t<span class=\"elementor-icon-list-icon\">\n\t\t\t\t\t\t\t<svg aria-hidden=\"true\" class=\"e-font-icon-svg e-fas-ban\" viewBox=\"0 0 512 512\" xmlns=\"http:\/\/www.w3.org\/2000\/svg\"><path d=\"M256 8C119.034 8 8 119.033 8 256s111.034 248 248 248 248-111.034 248-248S392.967 8 256 8zm130.108 117.892c65.448 65.448 70 165.481 20.677 235.637L150.47 105.216c70.204-49.356 170.226-44.735 235.638 20.676zM125.892 386.108c-65.448-65.448-70-165.481-20.677-235.637L361.53 406.784c-70.203 49.356-170.226 44.736-235.638-20.676z\"><\/path><\/svg>\t\t\t\t\t\t<\/span>\n\t\t\t\t\t\t\t\t\t\t<span class=\"elementor-icon-list-text\"><span dir=\"ltr\" role=\"presentation\">Adultes anglais et adultes fran\u00e7ais<\/span><\/span>\n\t\t\t\t\t\t\t\t\t<\/li>\n\t\t\t\t\t\t\t\t<li class=\"elementor-icon-list-item\">\n\t\t\t\t\t\t\t\t\t\t\t<span class=\"elementor-icon-list-icon\">\n\t\t\t\t\t\t\t<svg aria-hidden=\"true\" class=\"e-font-icon-svg e-fas-ban\" viewBox=\"0 0 512 512\" xmlns=\"http:\/\/www.w3.org\/2000\/svg\"><path d=\"M256 8C119.034 8 8 119.033 8 256s111.034 248 248 248 248-111.034 248-248S392.967 8 256 8zm130.108 117.892c65.448 65.448 70 165.481 20.677 235.637L150.47 105.216c70.204-49.356 170.226-44.735 235.638 20.676zM125.892 386.108c-65.448-65.448-70-165.481-20.677-235.637L361.53 406.784c-70.203 49.356-170.226 44.736-235.638-20.676z\"><\/path><\/svg>\t\t\t\t\t\t<\/span>\n\t\t\t\t\t\t\t\t\t\t<span class=\"elementor-icon-list-text\">Anglais Adultes et Juniors<\/span>\n\t\t\t\t\t\t\t\t\t<\/li>\n\t\t\t\t\t\t<\/ul>\n\t\t\t\t\t\t<\/div>\n\t\t\t\t<\/div>\n\t\t\t\t<div class=\"elementor-element elementor-element-d7c29be a-tag-css elementor-widget elementor-widget-text-editor\" data-id=\"d7c29be\" data-element_type=\"widget\" data-e-type=\"widget\" data-widget_type=\"text-editor.default\">\n\t\t\t\t<div class=\"elementor-widget-container\">\n\t\t\t\t\t\t\t\t\t<p>Veuillez vous r\u00e9f\u00e9rer au <strong><a class=\"ql-link\" href=\"https:\/\/www.orioncan.com\/wp-content\/uploads\/2022\/10\/LCS110-Languages-Canada-Quality-Assurance-Standard-Approved-March-2022.pdf \" target=\"_blank\" rel=\"noreferrer noopener\">Norme de qualit\u00e9 de Langues Canada<\/a>\u00a0<\/strong>et passez en revue les exigences.<\/p>\t\t\t\t\t\t\t\t<\/div>\n\t\t\t\t<\/div>\n\t\t\t\t\t<\/div>\n\t\t<\/div>\n\t\t\t\t\t<\/div>\n\t\t<\/section>\n\t\t\t\t<section class=\"elementor-section elementor-top-section elementor-element elementor-element-bbdf85d elementor-section-boxed elementor-section-height-default elementor-section-height-default\" data-id=\"bbdf85d\" data-element_type=\"section\" data-e-type=\"section\">\n\t\t\t\t\t\t<div class=\"elementor-container elementor-column-gap-default\">\n\t\t\t\t\t<div class=\"elementor-column elementor-col-100 elementor-top-column elementor-element elementor-element-6100bc9\" data-id=\"6100bc9\" data-element_type=\"column\" data-e-type=\"column\">\n\t\t\t<div class=\"elementor-widget-wrap elementor-element-populated\">\n\t\t\t\t\t\t<div class=\"elementor-element elementor-element-e81e6a4 elementor-widget elementor-widget-text-editor\" data-id=\"e81e6a4\" data-element_type=\"widget\" data-e-type=\"widget\" data-widget_type=\"text-editor.default\">\n\t\t\t\t<div class=\"elementor-widget-container\">\n\t\t\t\t\t\t\t\t\t<p>Un courriel vous a \u00e9t\u00e9 envoy\u00e9 pour vos dossiers, r\u00e9sumant le formulaire d&#8217;\u00e9valuation que vous venez de remplir.<\/p>\t\t\t\t\t\t\t\t<\/div>\n\t\t\t\t<\/div>\n\t\t\t\t<div class=\"elementor-element elementor-element-7869b01 elementor-align-center elementor-widget elementor-widget-button\" data-id=\"7869b01\" data-element_type=\"widget\" data-e-type=\"widget\" data-widget_type=\"button.default\">\n\t\t\t\t<div class=\"elementor-widget-container\">\n\t\t\t\t\t\t\t\t\t<div class=\"elementor-button-wrapper\">\n\t\t\t\t\t<a class=\"elementor-button elementor-button-link elementor-size-sm\" href=\"https:\/\/www.orioncan.com\/fr\/tqa\/\">\n\t\t\t\t\t\t<span class=\"elementor-button-content-wrapper\">\n\t\t\t\t\t\t\t\t\t<span class=\"elementor-button-text\">\u00c9xecutez une autre \u00e9valuation<\/span>\n\t\t\t\t\t<\/span>\n\t\t\t\t\t<\/a>\n\t\t\t\t<\/div>\n\t\t\t\t\t\t\t\t<\/div>\n\t\t\t\t<\/div>\n\t\t\t\t\t<\/div>\n\t\t<\/div>\n\t\t\t\t\t<\/div>\n\t\t<\/section>\n\t\t\t\t<\/div>\n\t\t","protected":false},"excerpt":{"rendered":"<p>Langues Canada Les conditions ne semblent pas avoir \u00e9t\u00e9 remplies. Sur la base des informations que vous avez fournies, le candidat n&#8217;est pas qualifi\u00e9 pour enseigner aux groupes suivants :\u00a0 Adultes anglais Adultes anglais et adultes fran\u00e7ais Anglais Adultes et Juniors Veuillez vous r\u00e9f\u00e9rer au Norme de qualit\u00e9 de Langues Canada\u00a0et passez en revue les [&hellip;]<\/p>\n","protected":false},"author":1,"featured_media":0,"parent":16894,"menu_order":0,"comment_status":"closed","ping_status":"closed","template":"elementor_header_footer","meta":{"inline_featured_image":false,"footnotes":""},"class_list":["post-16992","page","type-page","status-publish","hentry"],"yoast_head":"<!-- This site is optimized with the Yoast SEO plugin v27.4 - https:\/\/yoast.com\/product\/yoast-seo-wordpress\/ -->\n<title>Ne r\u00e9pond pas - Adulte anglais - Orion Assessment Services<\/title>\n<meta name=\"robots\" content=\"noindex, follow\" \/>\n<meta property=\"og:locale\" content=\"fr_FR\" \/>\n<meta property=\"og:type\" content=\"article\" \/>\n<meta property=\"og:title\" content=\"Ne r\u00e9pond pas - Adulte anglais - Orion Assessment Services\" \/>\n<meta property=\"og:description\" content=\"Langues Canada Les conditions ne semblent pas avoir \u00e9t\u00e9 remplies. Sur la base des informations que vous avez fournies, le candidat n&#8217;est pas qualifi\u00e9 pour enseigner aux groupes suivants :\u00a0 Adultes anglais Adultes anglais et adultes fran\u00e7ais Anglais Adultes et Juniors Veuillez vous r\u00e9f\u00e9rer au Norme de qualit\u00e9 de Langues Canada\u00a0et passez en revue les [&hellip;]\" \/>\n<meta property=\"og:url\" content=\"https:\/\/www.orioncan.com\/fr\/tqa\/englishadults-doesnotmeet\/\" \/>\n<meta property=\"og:site_name\" content=\"Orion Assessment Services\" \/>\n<meta property=\"article:modified_time\" content=\"2022-11-16T07:11:21+00:00\" \/>\n<meta name=\"twitter:card\" content=\"summary_large_image\" \/>\n<meta name=\"twitter:label1\" content=\"Dur\u00e9e de lecture estim\u00e9e\" \/>\n\t<meta name=\"twitter:data1\" content=\"1 minute\" \/>\n<script type=\"application\/ld+json\" class=\"yoast-schema-graph\">{\"@context\":\"https:\\\/\\\/schema.org\",\"@graph\":[{\"@type\":\"WebPage\",\"@id\":\"https:\\\/\\\/www.orioncan.com\\\/fr\\\/tqa\\\/englishadults-doesnotmeet\\\/\",\"url\":\"https:\\\/\\\/www.orioncan.com\\\/fr\\\/tqa\\\/englishadults-doesnotmeet\\\/\",\"name\":\"Ne r\u00e9pond pas - Adulte anglais - Orion Assessment Services\",\"isPartOf\":{\"@id\":\"https:\\\/\\\/www.orioncan.com\\\/fr\\\/#website\"},\"datePublished\":\"2022-11-14T11:17:12+00:00\",\"dateModified\":\"2022-11-16T07:11:21+00:00\",\"breadcrumb\":{\"@id\":\"https:\\\/\\\/www.orioncan.com\\\/fr\\\/tqa\\\/englishadults-doesnotmeet\\\/#breadcrumb\"},\"inLanguage\":\"fr-FR\",\"potentialAction\":[{\"@type\":\"ReadAction\",\"target\":[\"https:\\\/\\\/www.orioncan.com\\\/fr\\\/tqa\\\/englishadults-doesnotmeet\\\/\"]}]},{\"@type\":\"BreadcrumbList\",\"@id\":\"https:\\\/\\\/www.orioncan.com\\\/fr\\\/tqa\\\/englishadults-doesnotmeet\\\/#breadcrumb\",\"itemListElement\":[{\"@type\":\"ListItem\",\"position\":1,\"name\":\"Home\",\"item\":\"https:\\\/\\\/www.orioncan.com\\\/fr\\\/\"},{\"@type\":\"ListItem\",\"position\":2,\"name\":\"\u00c9valuation des qualifications des enseignants\",\"item\":\"https:\\\/\\\/www.orioncan.com\\\/fr\\\/tqa\\\/\"},{\"@type\":\"ListItem\",\"position\":3,\"name\":\"Ne r\u00e9pond pas &#8211; Adulte anglais\"}]},{\"@type\":\"WebSite\",\"@id\":\"https:\\\/\\\/www.orioncan.com\\\/fr\\\/#website\",\"url\":\"https:\\\/\\\/www.orioncan.com\\\/fr\\\/\",\"name\":\"Orion Assessment Services\",\"description\":\"\",\"potentialAction\":[{\"@type\":\"SearchAction\",\"target\":{\"@type\":\"EntryPoint\",\"urlTemplate\":\"https:\\\/\\\/www.orioncan.com\\\/fr\\\/?s={search_term_string}\"},\"query-input\":{\"@type\":\"PropertyValueSpecification\",\"valueRequired\":true,\"valueName\":\"search_term_string\"}}],\"inLanguage\":\"fr-FR\"}]}<\/script>\n<!-- \/ Yoast SEO plugin. -->","yoast_head_json":{"title":"Ne r\u00e9pond pas - Adulte anglais - Orion Assessment Services","robots":{"index":"noindex","follow":"follow"},"og_locale":"fr_FR","og_type":"article","og_title":"Ne r\u00e9pond pas - Adulte anglais - Orion Assessment Services","og_description":"Langues Canada Les conditions ne semblent pas avoir \u00e9t\u00e9 remplies. Sur la base des informations que vous avez fournies, le candidat n&#8217;est pas qualifi\u00e9 pour enseigner aux groupes suivants :\u00a0 Adultes anglais Adultes anglais et adultes fran\u00e7ais Anglais Adultes et Juniors Veuillez vous r\u00e9f\u00e9rer au Norme de qualit\u00e9 de Langues Canada\u00a0et passez en revue les [&hellip;]","og_url":"https:\/\/www.orioncan.com\/fr\/tqa\/englishadults-doesnotmeet\/","og_site_name":"Orion Assessment Services","article_modified_time":"2022-11-16T07:11:21+00:00","twitter_card":"summary_large_image","twitter_misc":{"Dur\u00e9e de lecture estim\u00e9e":"1 minute"},"schema":{"@context":"https:\/\/schema.org","@graph":[{"@type":"WebPage","@id":"https:\/\/www.orioncan.com\/fr\/tqa\/englishadults-doesnotmeet\/","url":"https:\/\/www.orioncan.com\/fr\/tqa\/englishadults-doesnotmeet\/","name":"Ne r\u00e9pond pas - Adulte anglais - Orion Assessment Services","isPartOf":{"@id":"https:\/\/www.orioncan.com\/fr\/#website"},"datePublished":"2022-11-14T11:17:12+00:00","dateModified":"2022-11-16T07:11:21+00:00","breadcrumb":{"@id":"https:\/\/www.orioncan.com\/fr\/tqa\/englishadults-doesnotmeet\/#breadcrumb"},"inLanguage":"fr-FR","potentialAction":[{"@type":"ReadAction","target":["https:\/\/www.orioncan.com\/fr\/tqa\/englishadults-doesnotmeet\/"]}]},{"@type":"BreadcrumbList","@id":"https:\/\/www.orioncan.com\/fr\/tqa\/englishadults-doesnotmeet\/#breadcrumb","itemListElement":[{"@type":"ListItem","position":1,"name":"Home","item":"https:\/\/www.orioncan.com\/fr\/"},{"@type":"ListItem","position":2,"name":"\u00c9valuation des qualifications des enseignants","item":"https:\/\/www.orioncan.com\/fr\/tqa\/"},{"@type":"ListItem","position":3,"name":"Ne r\u00e9pond pas &#8211; Adulte anglais"}]},{"@type":"WebSite","@id":"https:\/\/www.orioncan.com\/fr\/#website","url":"https:\/\/www.orioncan.com\/fr\/","name":"Orion Assessment Services","description":"","potentialAction":[{"@type":"SearchAction","target":{"@type":"EntryPoint","urlTemplate":"https:\/\/www.orioncan.com\/fr\/?s={search_term_string}"},"query-input":{"@type":"PropertyValueSpecification","valueRequired":true,"valueName":"search_term_string"}}],"inLanguage":"fr-FR"}]}},"_links":{"self":[{"href":"https:\/\/www.orioncan.com\/fr\/wp-json\/wp\/v2\/pages\/16992","targetHints":{"allow":["GET"]}}],"collection":[{"href":"https:\/\/www.orioncan.com\/fr\/wp-json\/wp\/v2\/pages"}],"about":[{"href":"https:\/\/www.orioncan.com\/fr\/wp-json\/wp\/v2\/types\/page"}],"author":[{"embeddable":true,"href":"https:\/\/www.orioncan.com\/fr\/wp-json\/wp\/v2\/users\/1"}],"replies":[{"embeddable":true,"href":"https:\/\/www.orioncan.com\/fr\/wp-json\/wp\/v2\/comments?post=16992"}],"version-history":[{"count":0,"href":"https:\/\/www.orioncan.com\/fr\/wp-json\/wp\/v2\/pages\/16992\/revisions"}],"up":[{"embeddable":true,"href":"https:\/\/www.orioncan.com\/fr\/wp-json\/wp\/v2\/pages\/16894"}],"wp:attachment":[{"href":"https:\/\/www.orioncan.com\/fr\/wp-json\/wp\/v2\/media?parent=16992"}],"curies":[{"name":"wp","href":"https:\/\/api.w.org\/{rel}","templated":true}]}}