{"id":19454,"date":"2023-06-23T02:24:06","date_gmt":"2023-06-23T06:24:06","guid":{"rendered":"https:\/\/www.orioncan.com\/audit-sampling-disclaimer\/"},"modified":"2023-06-29T01:35:05","modified_gmt":"2023-06-29T05:35:05","slug":"audit-sampling-disclaimer","status":"publish","type":"page","link":"https:\/\/www.orioncan.com\/fr\/audit-sampling-disclaimer\/","title":{"rendered":"Audit Sampling Disclaimer\u00a0"},"content":{"rendered":"\t\t<div data-elementor-type=\"wp-page\" data-elementor-id=\"19454\" class=\"elementor elementor-19454 elementor-19448\" data-elementor-post-type=\"page\">\n\t\t\t\t\t\t<section class=\"elementor-section elementor-top-section elementor-element elementor-element-1f13a3b elementor-section-height-min-height elementor-section-content-middle elementor-section-boxed elementor-section-height-default elementor-section-items-middle\" data-id=\"1f13a3b\" data-element_type=\"section\" data-e-type=\"section\" data-settings=\"{&quot;background_background&quot;:&quot;classic&quot;,&quot;background_motion_fx_motion_fx_scrolling&quot;:&quot;yes&quot;,&quot;background_motion_fx_translateY_effect&quot;:&quot;yes&quot;,&quot;background_motion_fx_translateY_speed&quot;:{&quot;unit&quot;:&quot;px&quot;,&quot;size&quot;:5,&quot;sizes&quot;:[]},&quot;background_motion_fx_scale_effect&quot;:&quot;yes&quot;,&quot;background_motion_fx_scale_speed&quot;:{&quot;unit&quot;:&quot;px&quot;,&quot;size&quot;:5,&quot;sizes&quot;:[]},&quot;background_motion_fx_translateY_affectedRange&quot;:{&quot;unit&quot;:&quot;%&quot;,&quot;size&quot;:&quot;&quot;,&quot;sizes&quot;:{&quot;start&quot;:0,&quot;end&quot;:100}},&quot;background_motion_fx_scale_direction&quot;:&quot;out-in&quot;,&quot;background_motion_fx_scale_range&quot;:{&quot;unit&quot;:&quot;%&quot;,&quot;size&quot;:&quot;&quot;,&quot;sizes&quot;:{&quot;start&quot;:20,&quot;end&quot;:80}},&quot;background_motion_fx_devices&quot;:[&quot;desktop&quot;,&quot;tablet&quot;,&quot;mobile&quot;]}\">\n\t\t\t\t\t\t\t<div class=\"elementor-background-overlay\"><\/div>\n\t\t\t\t\t\t\t<div class=\"elementor-container elementor-column-gap-default\">\n\t\t\t\t\t<div class=\"elementor-column elementor-col-100 elementor-top-column elementor-element elementor-element-742ce2a\" data-id=\"742ce2a\" data-element_type=\"column\" data-e-type=\"column\">\n\t\t\t<div class=\"elementor-widget-wrap elementor-element-populated\">\n\t\t\t\t\t\t<div class=\"elementor-element elementor-element-af32a38 elementor-widget elementor-widget-heading\" data-id=\"af32a38\" data-element_type=\"widget\" data-e-type=\"widget\" data-widget_type=\"heading.default\">\n\t\t\t\t<div class=\"elementor-widget-container\">\n\t\t\t\t\t<h1 class=\"elementor-heading-title elementor-size-default\">Clause de non-responsabilit\u00e9 relative \u00e0 <br> <b>l'\u00e9chantillonnage d'audit<\/b><\/h1>\t\t\t\t<\/div>\n\t\t\t\t<\/div>\n\t\t\t\t\t<\/div>\n\t\t<\/div>\n\t\t\t\t\t<\/div>\n\t\t<\/section>\n\t\t\t\t<section class=\"elementor-section elementor-top-section elementor-element elementor-element-9ad74e7 content-space-remove elementor-section-boxed elementor-section-height-default elementor-section-height-default\" data-id=\"9ad74e7\" data-element_type=\"section\" data-e-type=\"section\">\n\t\t\t\t\t\t<div class=\"elementor-container elementor-column-gap-default\">\n\t\t\t\t\t<div class=\"elementor-column elementor-col-100 elementor-top-column elementor-element elementor-element-eda24c6\" data-id=\"eda24c6\" data-element_type=\"column\" data-e-type=\"column\">\n\t\t\t<div class=\"elementor-widget-wrap elementor-element-populated\">\n\t\t\t\t\t\t<section class=\"elementor-section elementor-inner-section elementor-element elementor-element-b196deb elementor-section-boxed elementor-section-height-default elementor-section-height-default\" data-id=\"b196deb\" data-element_type=\"section\" data-e-type=\"section\">\n\t\t\t\t\t\t<div class=\"elementor-container elementor-column-gap-default\">\n\t\t\t\t\t<div class=\"elementor-column elementor-col-100 elementor-inner-column elementor-element elementor-element-7d5c23b\" data-id=\"7d5c23b\" data-element_type=\"column\" data-e-type=\"column\">\n\t\t\t<div class=\"elementor-widget-wrap elementor-element-populated\">\n\t\t\t\t\t\t<div class=\"elementor-element elementor-element-ae48f65 elementor-widget elementor-widget-text-editor\" data-id=\"ae48f65\" data-element_type=\"widget\" data-e-type=\"widget\" data-widget_type=\"text-editor.default\">\n\t\t\t\t<div class=\"elementor-widget-container\">\n\t\t\t\t\t\t\t\t\t<p>Avis de non-responsabilit\u00e9 relativement au sondage de v\u00e9rification<\/p><p>Les renseignements fournis dans le pr\u00e9sent document sont seulement destin\u00e9s \u00e0 des fins d\u2019orientation g\u00e9n\u00e9rale et d\u2019information. Il est important de noter que la v\u00e9rification est g\u00e9n\u00e9ralement effectu\u00e9e \u00e0 l\u2019aide de techniques d\u2019\u00e9chantillonnage. De par sa nature, la v\u00e9rification consiste \u00e0 s\u00e9lectionner et \u00e0 examiner un sous-ensemble repr\u00e9sentatif de donn\u00e9es, de transactions ou de processus, plut\u00f4t que l\u2019ensemble de la population.<\/p><p>Bien que les v\u00e9rificateurs s\u2019efforcent d\u2019obtenir des \u00e9l\u00e9ments probants suffisants et appropri\u00e9s pour se faire une opinion, l\u2019\u00e9chantillonnage est une partie inh\u00e9rente et accept\u00e9e du processus de v\u00e9rification. La s\u00e9lection d\u2019\u00e9chantillons est fond\u00e9e sur le jugement professionnel et l\u2019\u00e9valuation des risques, afin de fournir une assurance raisonnable quant \u00e0 la fiabilit\u00e9 des renseignements, des donn\u00e9es, des contr\u00f4les internes ou d\u2019autres secteurs de v\u00e9rification.<\/p><p>Il est essentiel de reconna\u00eetre que l\u2019opinion du v\u00e9rificateur est fond\u00e9e sur les r\u00e9sultats de l\u2019\u00e9chantillon s\u00e9lectionn\u00e9 et soumis au sondage et qu\u2019il existe un risque inh\u00e9rent que l\u2019\u00e9chantillon ne soit pas enti\u00e8rement repr\u00e9sentatif de l\u2019ensemble de la population. Ainsi, il est possible qu\u2019il y ait des erreurs, des omissions ou des irr\u00e9gularit\u00e9s dans les \u00e9l\u00e9ments non s\u00e9lectionn\u00e9s pour l\u2019examen.<\/p><p>Par cons\u00e9quent, les constatations, les conclusions et les recommandations de la v\u00e9rification devraient \u00eatre interpr\u00e9t\u00e9es compte tenu de la nature de l\u2019\u00e9chantillonnage du processus de v\u00e9rification. Bien que les v\u00e9rificateurs fassent des efforts raisonnables pour d\u00e9couvrir toute inexactitude ou lacune importante, l\u2019absence de tels r\u00e9sultats dans l\u2019\u00e9chantillon test\u00e9 ne garantit pas leur absence dans l\u2019ensemble de la population.<\/p><p>Le pr\u00e9sent avis de non-responsabilit\u00e9 vise \u00e0 mettre en valeur que les conclusions tir\u00e9es d\u2019une v\u00e9rification ne devraient pas d\u00e9pendre uniquement des r\u00e9sultats de l\u2019\u00e9chantillonnage, mais \u00eatre plut\u00f4t examin\u00e9es conjointement avec d\u2019autres facteurs pertinents, tels que le jugement professionnel, l\u2019expertise du v\u00e9rificateur et les limites inh\u00e9rentes du proc\u00e9d\u00e9 de v\u00e9rification.<\/p><p>Par cons\u00e9quent, il est conseill\u00e9 d\u2019obtenir des conseils professionnels adapt\u00e9s \u00e0 des circonstances et \u00e0 des objectifs particuliers, lors de l\u2019interpr\u00e9tation des r\u00e9sultats d\u2019une v\u00e9rification ou en ce qui concerne la fiabilit\u00e9 de ces r\u00e9sultats, car la v\u00e9rification n\u2019est pas une garantie de l\u2019absence d\u2019erreurs ou d\u2019irr\u00e9gularit\u00e9s dans l\u2019ensemble de la population.<\/p><p>\u00a0<\/p>\t\t\t\t\t\t\t\t<\/div>\n\t\t\t\t<\/div>\n\t\t\t\t\t<\/div>\n\t\t<\/div>\n\t\t\t\t\t<\/div>\n\t\t<\/section>\n\t\t\t\t\t<\/div>\n\t\t<\/div>\n\t\t\t\t\t<\/div>\n\t\t<\/section>\n\t\t\t\t<\/div>\n\t\t","protected":false},"excerpt":{"rendered":"<p>Clause de non-responsabilit\u00e9 relative \u00e0 l&#8217;\u00e9chantillonnage d&#8217;audit Avis de non-responsabilit\u00e9 relativement au sondage de v\u00e9rification Les renseignements fournis dans le pr\u00e9sent document sont seulement destin\u00e9s \u00e0 des fins d\u2019orientation g\u00e9n\u00e9rale et d\u2019information. Il est important de noter que la v\u00e9rification est g\u00e9n\u00e9ralement effectu\u00e9e \u00e0 l\u2019aide de techniques d\u2019\u00e9chantillonnage. De par sa nature, la v\u00e9rification consiste [&hellip;]<\/p>\n","protected":false},"author":1,"featured_media":0,"parent":0,"menu_order":0,"comment_status":"closed","ping_status":"closed","template":"","meta":{"inline_featured_image":false,"footnotes":""},"class_list":["post-19454","page","type-page","status-publish","hentry"],"yoast_head":"<!-- This site is optimized with the Yoast SEO plugin v27.1.1 - https:\/\/yoast.com\/product\/yoast-seo-wordpress\/ -->\n<title>Audit Sampling Disclaimer<\/title>\n<meta name=\"description\" content=\"This disclaimer serves to emphasize that the conclusions drawn from an audit should not be solely reliant on the results of sampling, but rather, should be considered in conjunction with other relevant factors, such as professional judgment, auditor expertise, and the limitations inherent in the auditing process.\" \/>\n<meta name=\"robots\" content=\"index, follow, max-snippet:-1, max-image-preview:large, max-video-preview:-1\" \/>\n<link rel=\"canonical\" href=\"https:\/\/www.orioncan.com\/fr\/audit-sampling-disclaimer\/\" \/>\n<meta property=\"og:locale\" content=\"fr_FR\" \/>\n<meta property=\"og:type\" content=\"article\" \/>\n<meta property=\"og:title\" content=\"Audit Sampling Disclaimer\" \/>\n<meta property=\"og:description\" content=\"This disclaimer serves to emphasize that the conclusions drawn from an audit should not be solely reliant on the results of sampling, but rather, should be considered in conjunction with other relevant factors, such as professional judgment, auditor expertise, and the limitations inherent in the auditing process.\" \/>\n<meta property=\"og:url\" content=\"https:\/\/www.orioncan.com\/fr\/audit-sampling-disclaimer\/\" \/>\n<meta property=\"og:site_name\" content=\"Orion Assessment Services\" \/>\n<meta property=\"article:modified_time\" content=\"2023-06-29T05:35:05+00:00\" \/>\n<meta name=\"twitter:card\" content=\"summary_large_image\" \/>\n<meta name=\"twitter:label1\" content=\"Dur\u00e9e de lecture estim\u00e9e\" \/>\n\t<meta name=\"twitter:data1\" content=\"2 minutes\" \/>\n<script type=\"application\/ld+json\" class=\"yoast-schema-graph\">{\"@context\":\"https:\/\/schema.org\",\"@graph\":[{\"@type\":\"WebPage\",\"@id\":\"https:\/\/www.orioncan.com\/fr\/audit-sampling-disclaimer\/\",\"url\":\"https:\/\/www.orioncan.com\/fr\/audit-sampling-disclaimer\/\",\"name\":\"Audit Sampling Disclaimer\",\"isPartOf\":{\"@id\":\"https:\/\/www.orioncan.com\/fr\/#website\"},\"datePublished\":\"2023-06-23T06:24:06+00:00\",\"dateModified\":\"2023-06-29T05:35:05+00:00\",\"description\":\"This disclaimer serves to emphasize that the conclusions drawn from an audit should not be solely reliant on the results of sampling, but rather, should be considered in conjunction with other relevant factors, such as professional judgment, auditor expertise, and the limitations inherent in the auditing process.\",\"breadcrumb\":{\"@id\":\"https:\/\/www.orioncan.com\/fr\/audit-sampling-disclaimer\/#breadcrumb\"},\"inLanguage\":\"fr-FR\",\"potentialAction\":[{\"@type\":\"ReadAction\",\"target\":[\"https:\/\/www.orioncan.com\/fr\/audit-sampling-disclaimer\/\"]}]},{\"@type\":\"BreadcrumbList\",\"@id\":\"https:\/\/www.orioncan.com\/fr\/audit-sampling-disclaimer\/#breadcrumb\",\"itemListElement\":[{\"@type\":\"ListItem\",\"position\":1,\"name\":\"Home\",\"item\":\"https:\/\/www.orioncan.com\/fr\/\"},{\"@type\":\"ListItem\",\"position\":2,\"name\":\"Audit Sampling Disclaimer\u00a0\"}]},{\"@type\":\"WebSite\",\"@id\":\"https:\/\/www.orioncan.com\/fr\/#website\",\"url\":\"https:\/\/www.orioncan.com\/fr\/\",\"name\":\"Orion Assessment Services\",\"description\":\"\",\"potentialAction\":[{\"@type\":\"SearchAction\",\"target\":{\"@type\":\"EntryPoint\",\"urlTemplate\":\"https:\/\/www.orioncan.com\/fr\/?s={search_term_string}\"},\"query-input\":{\"@type\":\"PropertyValueSpecification\",\"valueRequired\":true,\"valueName\":\"search_term_string\"}}],\"inLanguage\":\"fr-FR\"}]}<\/script>\n<!-- \/ Yoast SEO plugin. -->","yoast_head_json":{"title":"Audit Sampling Disclaimer","description":"This disclaimer serves to emphasize that the conclusions drawn from an audit should not be solely reliant on the results of sampling, but rather, should be considered in conjunction with other relevant factors, such as professional judgment, auditor expertise, and the limitations inherent in the auditing process.","robots":{"index":"index","follow":"follow","max-snippet":"max-snippet:-1","max-image-preview":"max-image-preview:large","max-video-preview":"max-video-preview:-1"},"canonical":"https:\/\/www.orioncan.com\/fr\/audit-sampling-disclaimer\/","og_locale":"fr_FR","og_type":"article","og_title":"Audit Sampling Disclaimer","og_description":"This disclaimer serves to emphasize that the conclusions drawn from an audit should not be solely reliant on the results of sampling, but rather, should be considered in conjunction with other relevant factors, such as professional judgment, auditor expertise, and the limitations inherent in the auditing process.","og_url":"https:\/\/www.orioncan.com\/fr\/audit-sampling-disclaimer\/","og_site_name":"Orion Assessment Services","article_modified_time":"2023-06-29T05:35:05+00:00","twitter_card":"summary_large_image","twitter_misc":{"Dur\u00e9e de lecture estim\u00e9e":"2 minutes"},"schema":{"@context":"https:\/\/schema.org","@graph":[{"@type":"WebPage","@id":"https:\/\/www.orioncan.com\/fr\/audit-sampling-disclaimer\/","url":"https:\/\/www.orioncan.com\/fr\/audit-sampling-disclaimer\/","name":"Audit Sampling Disclaimer","isPartOf":{"@id":"https:\/\/www.orioncan.com\/fr\/#website"},"datePublished":"2023-06-23T06:24:06+00:00","dateModified":"2023-06-29T05:35:05+00:00","description":"This disclaimer serves to emphasize that the conclusions drawn from an audit should not be solely reliant on the results of sampling, but rather, should be considered in conjunction with other relevant factors, such as professional judgment, auditor expertise, and the limitations inherent in the auditing process.","breadcrumb":{"@id":"https:\/\/www.orioncan.com\/fr\/audit-sampling-disclaimer\/#breadcrumb"},"inLanguage":"fr-FR","potentialAction":[{"@type":"ReadAction","target":["https:\/\/www.orioncan.com\/fr\/audit-sampling-disclaimer\/"]}]},{"@type":"BreadcrumbList","@id":"https:\/\/www.orioncan.com\/fr\/audit-sampling-disclaimer\/#breadcrumb","itemListElement":[{"@type":"ListItem","position":1,"name":"Home","item":"https:\/\/www.orioncan.com\/fr\/"},{"@type":"ListItem","position":2,"name":"Audit Sampling Disclaimer\u00a0"}]},{"@type":"WebSite","@id":"https:\/\/www.orioncan.com\/fr\/#website","url":"https:\/\/www.orioncan.com\/fr\/","name":"Orion Assessment Services","description":"","potentialAction":[{"@type":"SearchAction","target":{"@type":"EntryPoint","urlTemplate":"https:\/\/www.orioncan.com\/fr\/?s={search_term_string}"},"query-input":{"@type":"PropertyValueSpecification","valueRequired":true,"valueName":"search_term_string"}}],"inLanguage":"fr-FR"}]}},"_links":{"self":[{"href":"https:\/\/www.orioncan.com\/fr\/wp-json\/wp\/v2\/pages\/19454","targetHints":{"allow":["GET"]}}],"collection":[{"href":"https:\/\/www.orioncan.com\/fr\/wp-json\/wp\/v2\/pages"}],"about":[{"href":"https:\/\/www.orioncan.com\/fr\/wp-json\/wp\/v2\/types\/page"}],"author":[{"embeddable":true,"href":"https:\/\/www.orioncan.com\/fr\/wp-json\/wp\/v2\/users\/1"}],"replies":[{"embeddable":true,"href":"https:\/\/www.orioncan.com\/fr\/wp-json\/wp\/v2\/comments?post=19454"}],"version-history":[{"count":0,"href":"https:\/\/www.orioncan.com\/fr\/wp-json\/wp\/v2\/pages\/19454\/revisions"}],"wp:attachment":[{"href":"https:\/\/www.orioncan.com\/fr\/wp-json\/wp\/v2\/media?parent=19454"}],"curies":[{"name":"wp","href":"https:\/\/api.w.org\/{rel}","templated":true}]}}